{"id":1101,"date":"2017-09-21T08:45:56","date_gmt":"2017-09-21T13:45:56","guid":{"rendered":"http:\/\/moked.it\/paginebraiche\/?page_id=1101"},"modified":"2017-09-21T08:45:56","modified_gmt":"2017-09-21T13:45:56","slug":"privacy","status":"publish","type":"page","link":"https:\/\/moked.it\/paginebraiche\/privacy\/","title":{"rendered":"Privacy"},"content":{"rendered":"<p>Unione delle Comunit\u00e0 Ebraiche Italiane<br \/>\nLINEE GUIDA IN MATERIA DI PROTEZIONE DEI DATI PERSONALI<\/p>\n<p>L&#8217;Unione delle Comunit\u00e0 Ebraiche Italiane, responsabile trattamento dati per le testate giornalistiche digitali interattive, denominate il \u201cProdotto\u201d, si impegna a far utilizzare il prodotto nel pieno rispetto della normativa sulla protezione dei dati personali sancita da ultimo con D.L.vo n.196 del 30\/6\/2003 denominato Codice e prima conosciuta da tutti come Legge 675\/96 sulla privacy. Tutte le attivit\u00e0 effettuate relativamente al trattamento dei dati personali dei propri utenti sono specificatamente indicate e descritte nel presente documento con il quale si rende agli utenti l\u2019informativa prevista dall\u2019art. 13 del Codice.<\/p>\n<p>Nel presente documento \u00e8 illustrato il modo in cui UCEI tratta le informazioni degli utenti quando questi accedono al Prodotto e quando fanno uso dei servizi nello stesso contemplati. Il documento si occupa inoltre del trattamento dei dati personali. Titolare del trattamento \u00e8 UCEI, Lungotevere Sanzio 9, Roma 00153. A questo indirizzo indicando anche il riferimento \u201cResponsabile per la protezione dei dati personali\u201d gli utenti possono rivolgersi in ogni momento per ricevere tutti gli ulteriori chiarimenti sulle politiche adottate dalla nostra azienda in materia di protezione dei dati personali.<\/p>\n<p>UCEI raccoglie i dati personali dei propri utenti solo nel momento in cui gli stessi si registrano per accedere a un servizio specifico. Negli altri casi il nostro prodotto \u00e8 utilizzabile in forma completamente anonima. I dati richiesti per la registrazione sono soltanto quelli definiti dalla Legge \u201ccomuni\u201d (es. dati anagrafici); in nessun caso infatti si richiede agli utenti il conferimento dei cosiddetti dati \u201csensibili\u201d, cos\u00ec definiti dall\u2019art. 4.1 lettera d del Codice; Nei casi in cui \u00e8 prevista la registrazione, gli utenti visualizzeranno, alla fine della pagina sulla quale inserire i dati, la casellina relativa all\u2019\u201cinformativa\u201d, cliccando sulla quale potranno consultare il presente documento al fine di prenderne visione e scegliere di conferire, cliccando nell\u2019apposito spazio, il consenso al trattamento dei dati forniti. Solo conferendo il consenso sar\u00e0 possibile procedere alla registrazione. UCEI pu\u00f2 utilizzare, ai fini della registrazione degli utenti, campi obbligatori e campi facoltativi. I dati da inserire nei campi obbligatori sono strettamente necessari per la fornitura dei servizi. Quelli da inserire nei campi facoltativi sono utili per il miglioramento dei servizi stessi e delle comunicazioni, per rispondere nel migliore dei modi alle esigenze degli utenti.<\/p>\n<p>UCEI raccoglie i dati personali, forniti dagli utenti nei modi sopra specificati, con modalit\u00e0 telematiche, ed il loro trattamento pu\u00f2 avvenire con modalit\u00e0 elettroniche e manuali. UCEI utilizza le informazioni fornite esclusivamente per le seguenti finalit\u00e0 di massima: quelle inerenti l\u2019esecuzione e la prestazione dei servizi contemplati, per rispondere nel migliore dei modi alle richieste degli utenti verso determinati prodotti o servizi, per verificare la qualit\u00e0 dei servizi offerti ed elaborare studi e ricerche statistiche. Infine, solo a seguito di specifico consenso, prestato selezionando le apposite eventuali caselle, le informazioni potranno essere utilizzate anche per finalit\u00e0 quali l\u2019invio di materiale informativo.<\/p>\n<p>Le informazioni raccolte nei modi di cui sopra, e che permettono l\u2019identificazione degli utenti, non sono soggette a divulgazione. <\/p>\n<p>In qualsiasi momento gli utenti possono esercitare i diritti previsti dall\u2019art. 7 del Codice fra i quali il diritto di accedere al registro del Garante oppure accedere, correggere, cancellare od opporsi al trattamento dei dati forniti scrivendo a:<br \/>\nUCEI<br \/>\nLungotevere Sanzio 9<br \/>\n00153 Roma<br \/>\nUCEI offre comunque ai propri utenti la possibilit\u00e0 di richiedere in qualsiasi momento la modifica o la cancellazione dei dati conferiti.<br \/>\nTale richiesta pu\u00f2 essere effettuata anche con email scrivendo a info@ucei.it e indicando nell\u2019oggetto \u201crichiesta cancellazione e\/o modifica dati\u201d<\/p>\n","protected":false},"excerpt":{"rendered":"<p>Unione delle Comunit\u00e0 Ebraiche Italiane LINEE GUIDA IN MATERIA DI PROTEZIONE DEI DATI PERSONALI L&#8217;Unione delle Comunit\u00e0 Ebraiche Italiane, responsabile trattamento dati per le testate giornalistiche digitali interattive, denominate il \u201cProdotto\u201d, si impegna a far utilizzare il prodotto nel pieno rispetto della normativa sulla protezione dei dati personali sancita da ultimo con D.L.vo n.196 del&hellip; <a class=\"more\" rel=\"bookmark\" href=\"https:\/\/moked.it\/paginebraiche\/privacy\/\">leggi&nbsp;<i class=\"fa fa-chevron-circle-right\"><\/i><\/a><\/p>\n","protected":false},"author":1,"featured_media":0,"parent":0,"menu_order":0,"comment_status":"closed","ping_status":"closed","template":"","meta":{"footnotes":""},"class_list":["post-1101","page","type-page","status-publish","hentry"],"yoast_head":"<!-- This site is optimized with the Yoast SEO plugin v26.0 - https:\/\/yoast.com\/wordpress\/plugins\/seo\/ -->\n<title>Privacy - Pagine Ebraiche<\/title>\n<meta name=\"robots\" content=\"index, follow, max-snippet:-1, max-image-preview:large, max-video-preview:-1\" \/>\n<link rel=\"canonical\" href=\"https:\/\/moked.it\/paginebraiche\/privacy\/\" \/>\n<meta property=\"og:locale\" content=\"it_IT\" \/>\n<meta property=\"og:type\" content=\"article\" \/>\n<meta property=\"og:title\" content=\"Privacy - Pagine Ebraiche\" \/>\n<meta property=\"og:description\" content=\"Unione delle Comunit\u00e0 Ebraiche Italiane LINEE GUIDA IN MATERIA DI PROTEZIONE DEI DATI PERSONALI L&#8217;Unione delle Comunit\u00e0 Ebraiche Italiane, responsabile trattamento dati per le testate giornalistiche digitali interattive, denominate il \u201cProdotto\u201d, si impegna a far utilizzare il prodotto nel pieno rispetto della normativa sulla protezione dei dati personali sancita da ultimo con D.L.vo n.196 del&hellip; leggi&nbsp;\" \/>\n<meta property=\"og:url\" content=\"https:\/\/moked.it\/paginebraiche\/privacy\/\" \/>\n<meta property=\"og:site_name\" content=\"Pagine Ebraiche\" \/>\n<meta name=\"twitter:card\" content=\"summary_large_image\" \/>\n<meta name=\"twitter:label1\" content=\"Tempo di lettura stimato\" \/>\n\t<meta name=\"twitter:data1\" content=\"3 minuti\" \/>\n<script type=\"application\/ld+json\" class=\"yoast-schema-graph\">{\"@context\":\"https:\/\/schema.org\",\"@graph\":[{\"@type\":\"WebPage\",\"@id\":\"https:\/\/moked.it\/paginebraiche\/privacy\/\",\"url\":\"https:\/\/moked.it\/paginebraiche\/privacy\/\",\"name\":\"Privacy - Pagine Ebraiche\",\"isPartOf\":{\"@id\":\"https:\/\/moked.it\/paginebraiche\/#website\"},\"datePublished\":\"2017-09-21T13:45:56+00:00\",\"breadcrumb\":{\"@id\":\"https:\/\/moked.it\/paginebraiche\/privacy\/#breadcrumb\"},\"inLanguage\":\"it-IT\",\"potentialAction\":[{\"@type\":\"ReadAction\",\"target\":[\"https:\/\/moked.it\/paginebraiche\/privacy\/\"]}]},{\"@type\":\"BreadcrumbList\",\"@id\":\"https:\/\/moked.it\/paginebraiche\/privacy\/#breadcrumb\",\"itemListElement\":[{\"@type\":\"ListItem\",\"position\":1,\"name\":\"Home\",\"item\":\"https:\/\/moked.it\/paginebraiche\/\"},{\"@type\":\"ListItem\",\"position\":2,\"name\":\"Privacy\"}]},{\"@type\":\"WebSite\",\"@id\":\"https:\/\/moked.it\/paginebraiche\/#website\",\"url\":\"https:\/\/moked.it\/paginebraiche\/\",\"name\":\"Pagine Ebraiche\",\"description\":\"Il giornale dell&#039;ebraismo italiano\",\"potentialAction\":[{\"@type\":\"SearchAction\",\"target\":{\"@type\":\"EntryPoint\",\"urlTemplate\":\"https:\/\/moked.it\/paginebraiche\/?s={search_term_string}\"},\"query-input\":{\"@type\":\"PropertyValueSpecification\",\"valueRequired\":true,\"valueName\":\"search_term_string\"}}],\"inLanguage\":\"it-IT\"}]}<\/script>\n<!-- \/ Yoast SEO plugin. -->","yoast_head_json":{"title":"Privacy - Pagine Ebraiche","robots":{"index":"index","follow":"follow","max-snippet":"max-snippet:-1","max-image-preview":"max-image-preview:large","max-video-preview":"max-video-preview:-1"},"canonical":"https:\/\/moked.it\/paginebraiche\/privacy\/","og_locale":"it_IT","og_type":"article","og_title":"Privacy - Pagine Ebraiche","og_description":"Unione delle Comunit\u00e0 Ebraiche Italiane LINEE GUIDA IN MATERIA DI PROTEZIONE DEI DATI PERSONALI L&#8217;Unione delle Comunit\u00e0 Ebraiche Italiane, responsabile trattamento dati per le testate giornalistiche digitali interattive, denominate il \u201cProdotto\u201d, si impegna a far utilizzare il prodotto nel pieno rispetto della normativa sulla protezione dei dati personali sancita da ultimo con D.L.vo n.196 del&hellip; leggi&nbsp;","og_url":"https:\/\/moked.it\/paginebraiche\/privacy\/","og_site_name":"Pagine Ebraiche","twitter_card":"summary_large_image","twitter_misc":{"Tempo di lettura stimato":"3 minuti"},"schema":{"@context":"https:\/\/schema.org","@graph":[{"@type":"WebPage","@id":"https:\/\/moked.it\/paginebraiche\/privacy\/","url":"https:\/\/moked.it\/paginebraiche\/privacy\/","name":"Privacy - Pagine Ebraiche","isPartOf":{"@id":"https:\/\/moked.it\/paginebraiche\/#website"},"datePublished":"2017-09-21T13:45:56+00:00","breadcrumb":{"@id":"https:\/\/moked.it\/paginebraiche\/privacy\/#breadcrumb"},"inLanguage":"it-IT","potentialAction":[{"@type":"ReadAction","target":["https:\/\/moked.it\/paginebraiche\/privacy\/"]}]},{"@type":"BreadcrumbList","@id":"https:\/\/moked.it\/paginebraiche\/privacy\/#breadcrumb","itemListElement":[{"@type":"ListItem","position":1,"name":"Home","item":"https:\/\/moked.it\/paginebraiche\/"},{"@type":"ListItem","position":2,"name":"Privacy"}]},{"@type":"WebSite","@id":"https:\/\/moked.it\/paginebraiche\/#website","url":"https:\/\/moked.it\/paginebraiche\/","name":"Pagine Ebraiche","description":"Il giornale dell&#039;ebraismo italiano","potentialAction":[{"@type":"SearchAction","target":{"@type":"EntryPoint","urlTemplate":"https:\/\/moked.it\/paginebraiche\/?s={search_term_string}"},"query-input":{"@type":"PropertyValueSpecification","valueRequired":true,"valueName":"search_term_string"}}],"inLanguage":"it-IT"}]}},"_links":{"self":[{"href":"https:\/\/moked.it\/paginebraiche\/wp-json\/wp\/v2\/pages\/1101","targetHints":{"allow":["GET"]}}],"collection":[{"href":"https:\/\/moked.it\/paginebraiche\/wp-json\/wp\/v2\/pages"}],"about":[{"href":"https:\/\/moked.it\/paginebraiche\/wp-json\/wp\/v2\/types\/page"}],"author":[{"embeddable":true,"href":"https:\/\/moked.it\/paginebraiche\/wp-json\/wp\/v2\/users\/1"}],"replies":[{"embeddable":true,"href":"https:\/\/moked.it\/paginebraiche\/wp-json\/wp\/v2\/comments?post=1101"}],"version-history":[{"count":1,"href":"https:\/\/moked.it\/paginebraiche\/wp-json\/wp\/v2\/pages\/1101\/revisions"}],"predecessor-version":[{"id":1102,"href":"https:\/\/moked.it\/paginebraiche\/wp-json\/wp\/v2\/pages\/1101\/revisions\/1102"}],"wp:attachment":[{"href":"https:\/\/moked.it\/paginebraiche\/wp-json\/wp\/v2\/media?parent=1101"}],"curies":[{"name":"wp","href":"https:\/\/api.w.org\/{rel}","templated":true}]}}